{"id":2979,"date":"2013-08-14T09:19:33","date_gmt":"2013-08-14T09:19:33","guid":{"rendered":"http:\/\/de.everycodextellsastory.eu\/?page_id=2979"},"modified":"2013-08-19T13:18:12","modified_gmt":"2013-08-19T13:18:12","slug":"links","status":"publish","type":"page","link":"https:\/\/de.everycodextellsastory.eu\/?page_id=2979","title":{"rendered":"Links"},"content":{"rendered":"<p>Im Internet findet sich eine Menge Informationen zu mittelalterlichen Handschriften. Wir haben die besten Seiten zusammengestellt:<\/p>\n<p><strong>Digitalisierte Handschriften<br \/>\n<\/strong><\/p>\n<p><a href=\"http:\/\/digi.ub.uni-heidelberg.de\/en\/bpd\/index.html\" target=\"_blank\">Bibliotheca Palatina der UB Heidelberg:<\/a> Eine der gr\u00f6\u00dften Sammlungen von deutschsprachigen mittelalterlichen Handschriften, vorbildlich digitalisiert und aufbereitet und dar\u00fcber hinaus frei zug\u00e4nglich (auf deutsch und englisch)<\/p>\n<p><a href=\"http:\/\/www.bl.uk\/catalogues\/illuminatedmanuscripts\/welcome.htm\" target=\"_blank\">British Library Catalogue of\u00a0Illuminated Manuscripts<\/a> und das n\u00fctzliche <a href=\"http:\/\/www.bl.uk\/catalogues\/illuminatedmanuscripts\/glossary.asp\" target=\"_blank\">Glossar<\/a> (auf englisch)<\/p>\n<p><a href=\"http:\/\/image.ox.ac.uk\" target=\"_blank\">Early Manuscripts at Oxford University <\/a>(auf englisch)<\/p>\n<p><a href=\"http:\/\/gallica.bnf.fr\" target=\"_blank\">Gallica: <\/a>Die digitalisierten Best\u00e4nde der Biblioth\u00e8que nationale de France (u.a. auf deutsch)<\/p>\n<p><a href=\"http:\/\/www.utm.edu\/staff\/bobp\/vlibrary\/frmedmss.shtml\" target=\"_blank\">Manuscripts of Medieval France with Vernacular Texts<\/a>: Eine Zusammenstellung mit Verlinkungen zu den jeweiligen Bibliotheken (\u00fcberwiegend auf englisch und franz\u00f6sisch)<\/p>\n<p><a href=\"http:\/\/www.manuscriptsonline.org\" target=\"_blank\">Manuscriptsonline:<\/a> Eine Zusammenstellung in Gro\u00dfbritannien geschriebener mittelalterlicher Handschriften (auf englisch)<\/p>\n<p><a href=\"http:\/\/scriptorium.english.cam.ac.uk\" target=\"_blank\">Scriptorium:\u00a0Medieval and Early Modern Manuscripts Online<\/a> (auf englisch)<\/p>\n<p><strong>Kataloge<\/strong><\/p>\n<p><a href=\"http:\/\/handschriftencensus.de\">Handschriftencensus: <\/a>Ein digitaler Katalog mit den wichtigen Informationen zu s\u00e4mtlichen mittelalterlichen Handschriften, in denen deutsche Texte \u00fcberliefert sind (auf deutsch)<\/p>\n<p><strong>Sonstige<\/strong><\/p>\n<p><a href=\"http:\/\/www.arlima.net\" target=\"_blank\">Archives de litt\u00e9rature du Moyen \u00c2ge\u00a0(ARLIMA)<\/a><\/p>\n<p><a href=\"http:\/\/www.mediaevum.de\">Mediaevum: <\/a>DAS Internet-Portal mit einer Menge n\u00fctzlicher Informationen f\u00fcr germanistische Medi\u00e4visten: Handschriften, Bibliographien, Zeitschriften, elektronische Mittelalter-Gru\u00dfkarten und vieles vieles mehr (f\u00fcr Forscher und Studierende; auf deutsch)<\/p>\n","protected":false},"excerpt":{"rendered":"<p>Im Internet findet sich eine Menge Informationen zu mittelalterlichen Handschriften. Wir haben die besten Seiten zusammengestellt: Digitalisierte Handschriften Bibliotheca Palatina der UB Heidelberg: Eine der gr\u00f6\u00dften Sammlungen von deutschsprachigen mittelalterlichen Handschriften, vorbildlich digitalisiert und aufbereitet und dar\u00fcber hinaus frei zug\u00e4nglich &hellip; <a href=\"https:\/\/de.everycodextellsastory.eu\/?page_id=2979\">Weiterlesen <span class=\"meta-nav\">&rarr;<\/span><\/a><\/p>\n","protected":false},"author":3,"featured_media":0,"parent":0,"menu_order":0,"comment_status":"open","ping_status":"closed","template":"","meta":{"footnotes":""},"_links":{"self":[{"href":"https:\/\/de.everycodextellsastory.eu\/index.php?rest_route=\/wp\/v2\/pages\/2979"}],"collection":[{"href":"https:\/\/de.everycodextellsastory.eu\/index.php?rest_route=\/wp\/v2\/pages"}],"about":[{"href":"https:\/\/de.everycodextellsastory.eu\/index.php?rest_route=\/wp\/v2\/types\/page"}],"author":[{"embeddable":true,"href":"https:\/\/de.everycodextellsastory.eu\/index.php?rest_route=\/wp\/v2\/users\/3"}],"replies":[{"embeddable":true,"href":"https:\/\/de.everycodextellsastory.eu\/index.php?rest_route=%2Fwp%2Fv2%2Fcomments&post=2979"}],"version-history":[{"count":6,"href":"https:\/\/de.everycodextellsastory.eu\/index.php?rest_route=\/wp\/v2\/pages\/2979\/revisions"}],"predecessor-version":[{"id":3087,"href":"https:\/\/de.everycodextellsastory.eu\/index.php?rest_route=\/wp\/v2\/pages\/2979\/revisions\/3087"}],"wp:attachment":[{"href":"https:\/\/de.everycodextellsastory.eu\/index.php?rest_route=%2Fwp%2Fv2%2Fmedia&parent=2979"}],"curies":[{"name":"wp","href":"https:\/\/api.w.org\/{rel}","templated":true}]}}