{"id":27,"date":"2012-04-30T16:27:28","date_gmt":"2012-04-30T16:27:28","guid":{"rendered":"http:\/\/labs.stefanschleifer.com\/codex\/?page_id=27"},"modified":"2013-07-22T09:45:46","modified_gmt":"2013-07-22T09:45:46","slug":"about","status":"publish","type":"page","link":"https:\/\/de.everycodextellsastory.eu\/?page_id=27","title":{"rendered":"\u00dcber uns"},"content":{"rendered":"<p>Das europ\u00e4ische Foschungsprojekt &#8216;The Dynamics of the Medieval Mansucript&#8217; (2010\u20132013) hat die Untersuchung von sp\u00e4tmittelalterlichen Sammelhandschriften zum Thema. Es besteht aus vier Teilprojekten, die sich je auf niederl\u00e4ndische, franz\u00f6sische, englische und deutsche Handschriften konzentrieren. Im Zentrum stehen dabei Handschriften, die k\u00fcrzere erz\u00e4hlende Texte \u00fcberliefern.<\/p>\n<p>Weitere Informationen finden Sie auf unserer <a href=\"http:\/\/www.dynamicsofthemedievalmanuscript.eu\" target=\"_blank\">Projekt Homepage<\/a> oder bei folgenden Links:<\/p>\n<p><a title=\"The Project\" href=\"http:\/\/de.everycodextellsastory.eu\/?page_id=225\">Projekt-Beschreibung<\/a><\/p>\n<p><a title=\"Contributors\" href=\"http:\/\/de.everycodextellsastory.eu\/?page_id=1138\">Beteiligte Wissenschaftler<\/a><\/p>\n","protected":false},"excerpt":{"rendered":"<p>Das europ\u00e4ische Foschungsprojekt &#8216;The Dynamics of the Medieval Mansucript&#8217; (2010\u20132013) hat die Untersuchung von sp\u00e4tmittelalterlichen Sammelhandschriften zum Thema. Es besteht aus vier Teilprojekten, die sich je auf niederl\u00e4ndische, franz\u00f6sische, englische und deutsche Handschriften konzentrieren. Im Zentrum stehen dabei Handschriften, die &hellip; <a href=\"https:\/\/de.everycodextellsastory.eu\/?page_id=27\">Weiterlesen <span class=\"meta-nav\">&rarr;<\/span><\/a><\/p>\n","protected":false},"author":1,"featured_media":0,"parent":0,"menu_order":0,"comment_status":"closed","ping_status":"closed","template":"","meta":{"footnotes":""},"_links":{"self":[{"href":"https:\/\/de.everycodextellsastory.eu\/index.php?rest_route=\/wp\/v2\/pages\/27"}],"collection":[{"href":"https:\/\/de.everycodextellsastory.eu\/index.php?rest_route=\/wp\/v2\/pages"}],"about":[{"href":"https:\/\/de.everycodextellsastory.eu\/index.php?rest_route=\/wp\/v2\/types\/page"}],"author":[{"embeddable":true,"href":"https:\/\/de.everycodextellsastory.eu\/index.php?rest_route=\/wp\/v2\/users\/1"}],"replies":[{"embeddable":true,"href":"https:\/\/de.everycodextellsastory.eu\/index.php?rest_route=%2Fwp%2Fv2%2Fcomments&post=27"}],"version-history":[{"count":8,"href":"https:\/\/de.everycodextellsastory.eu\/index.php?rest_route=\/wp\/v2\/pages\/27\/revisions"}],"predecessor-version":[{"id":31,"href":"https:\/\/de.everycodextellsastory.eu\/index.php?rest_route=\/wp\/v2\/pages\/27\/revisions\/31"}],"wp:attachment":[{"href":"https:\/\/de.everycodextellsastory.eu\/index.php?rest_route=%2Fwp%2Fv2%2Fmedia&parent=27"}],"curies":[{"name":"wp","href":"https:\/\/api.w.org\/{rel}","templated":true}]}}