{"id":2075,"date":"2013-03-26T15:10:40","date_gmt":"2013-03-26T15:10:40","guid":{"rendered":"http:\/\/labs.stefanschleifer.com\/codex\/?page_id=2075"},"modified":"2013-08-22T16:13:59","modified_gmt":"2013-08-22T16:13:59","slug":"case-studies","status":"publish","type":"page","link":"https:\/\/de.everycodextellsastory.eu\/?page_id=2075","title":{"rendered":"Fallstudien"},"content":{"rendered":"<p>Sie haben die Wahl zwischen vier Fallstudien, eine f\u00fcr jede der Sprachen in unserem Projekt:<\/p>\n<p>Der deutsche Ausstellungsraum untersucht zwei Handschriften, die mittelhochdeutsche Minnereden sammeln, und f\u00fchrt vor, was man alles \u00fcber die dahinterstehenden Sammler und Auftraggeber herausfinden kann. <a title=\"Love in the German Middle Ages\" href=\"http:\/\/de.everycodextellsastory.eu\/?p=111\">Den Ausstellungsraum betreten.<\/a><\/p>\n<p>Das franz\u00f6sische Beispiel ist eine umfangreiche Handschrift, die viele k\u00fcrzere Texte und daneben auch ein &#8216;Buch im Buch&#8217; enth\u00e4lt, n\u00e4mlich einen Teil, der einem bestimmten Autor gewidmet ist. Viele Leser haben ihre Spuren in dem Buch hinterlassen, und manche hatten mit obsz\u00f6ner Sprache einige Probleme&#8230; <a title=\"Paris, Biblioth\u00e8que nationale de France, fonds fran\u00e7ais 837: an exceptional French text collection\" href=\"http:\/\/de.everycodextellsastory.eu\/?p=237\">Den Ausstellungsraum betreten.<\/a><\/p>\n<p>Der englische Ausstellungsraum zeigt, wie in einem einzigen Buch England und das europ\u00e4ische Festland, Europa und der Nahe Osten zusammenkamen, indem das Buch\u00a0 \u00fcber die Jahre hin weitergeschrieben wurde. <a title=\"Illustrating The Past\" href=\"http:\/\/de.everycodextellsastory.eu\/?p=962\">Den Ausstellungsraum betreten<\/a>.<\/p>\n<p>Die niederl\u00e4ndische Ausstellung pr\u00e4sentiert einen spannenden Kodex, der eine gro\u00dfe Zahl von ganz verschiedenartigen Texten enth\u00e4lt, die man nicht unbedingt in demselben Buch vermuten w\u00fcrde. Bis heute wissen wir nicht, wer die Handschrift schrieb oder besa\u00df. <a title=\"The Geraardsbergen Manuscript\" href=\"http:\/\/de.everycodextellsastory.eu\/?p=368\">Den Ausstellungsraum betreten.<\/a><\/p>\n","protected":false},"excerpt":{"rendered":"<p>Sie haben die Wahl zwischen vier Fallstudien, eine f\u00fcr jede der Sprachen in unserem Projekt: Der deutsche Ausstellungsraum untersucht zwei Handschriften, die mittelhochdeutsche Minnereden sammeln, und f\u00fchrt vor, was man alles \u00fcber die dahinterstehenden Sammler und Auftraggeber herausfinden kann. Den &hellip; <a href=\"https:\/\/de.everycodextellsastory.eu\/?page_id=2075\">Weiterlesen <span class=\"meta-nav\">&rarr;<\/span><\/a><\/p>\n","protected":false},"author":3,"featured_media":0,"parent":0,"menu_order":0,"comment_status":"open","ping_status":"closed","template":"","meta":{"footnotes":""},"_links":{"self":[{"href":"https:\/\/de.everycodextellsastory.eu\/index.php?rest_route=\/wp\/v2\/pages\/2075"}],"collection":[{"href":"https:\/\/de.everycodextellsastory.eu\/index.php?rest_route=\/wp\/v2\/pages"}],"about":[{"href":"https:\/\/de.everycodextellsastory.eu\/index.php?rest_route=\/wp\/v2\/types\/page"}],"author":[{"embeddable":true,"href":"https:\/\/de.everycodextellsastory.eu\/index.php?rest_route=\/wp\/v2\/users\/3"}],"replies":[{"embeddable":true,"href":"https:\/\/de.everycodextellsastory.eu\/index.php?rest_route=%2Fwp%2Fv2%2Fcomments&post=2075"}],"version-history":[{"count":17,"href":"https:\/\/de.everycodextellsastory.eu\/index.php?rest_route=\/wp\/v2\/pages\/2075\/revisions"}],"predecessor-version":[{"id":3216,"href":"https:\/\/de.everycodextellsastory.eu\/index.php?rest_route=\/wp\/v2\/pages\/2075\/revisions\/3216"}],"wp:attachment":[{"href":"https:\/\/de.everycodextellsastory.eu\/index.php?rest_route=%2Fwp%2Fv2%2Fmedia&parent=2075"}],"curies":[{"name":"wp","href":"https:\/\/api.w.org\/{rel}","templated":true}]}}