{"id":2,"date":"2012-04-30T11:27:43","date_gmt":"2012-04-30T11:27:43","guid":{"rendered":"http:\/\/labs.stefanschleifer.com\/codex\/?page_id=2"},"modified":"2013-08-23T08:45:20","modified_gmt":"2013-08-23T08:45:20","slug":"sample-page","status":"publish","type":"page","link":"https:\/\/de.everycodextellsastory.eu\/","title":{"rendered":"Jede Handschrift erz\u00e4hlt eine Geschichte"},"content":{"rendered":"<div id=\"attachment_3222\" style=\"width: 346px\" class=\"wp-caption alignright\"><a href=\"http:\/\/de.everycodextellsastory.eu\/wp-content\/uploads\/2012\/04\/mgf564-7v-kl.jpg\"><img loading=\"lazy\" decoding=\"async\" aria-describedby=\"caption-attachment-3222\" class=\" wp-image-3222  \" alt=\"Teichner\" src=\"http:\/\/de.everycodextellsastory.eu\/wp-content\/uploads\/2012\/04\/mgf564-7v-kl-768x1024.jpg\" width=\"336\" height=\"449\" srcset=\"https:\/\/de.everycodextellsastory.eu\/wp-content\/uploads\/2012\/04\/mgf564-7v-kl-768x1024.jpg 768w, https:\/\/de.everycodextellsastory.eu\/wp-content\/uploads\/2012\/04\/mgf564-7v-kl-225x300.jpg 225w\" sizes=\"(max-width: 336px) 100vw, 336px\" \/><\/a><p id=\"caption-attachment-3222\" class=\"wp-caption-text\">&#8220;Der Teichner&#8221;, Autor der Texte in dieser Handschrift, bei der Arbeit.<br \/>Ganzseitiges Portr\u00e4t auf f. 7v; Berlin, SBB-PK, Ms.germ.fol. 564.<\/p><\/div>\n<p><strong><span style=\"color: #993300;\">Willkommen in dieser virtuellen Ausstellung!<\/span><\/strong> Wir laden Sie ein, die Welt mittelalterlicher Handschriften zu erforschen und dabei herauszufinden, was B\u00fccher, die viele hundert Jahre alt sind, uns heute erz\u00e4hlen k\u00f6nnen.<\/p>\n<p>Die Ausstellung wurde von Mitgliedern des Forschungsprojekts <a href=\"http:\/\/dynamicsofthemedievalmanuscript.eu\" target=\"_blank\"><strong>The Dynamics of the Medieval Manuscript<\/strong><\/a> zusammengestellt, in dem Forscher von vier Universit\u00e4ten in drei L\u00e4ndern mitarbeiten (von <a href=\"http:\/\/www.heranet.info\/\" target=\"_blank\">HERA <\/a>gef\u00f6rdert). Zu mehr Informationen \u00fcber das Projekt <a href=\"http:\/\/de.everycodextellsastory.eu\/?page_id=225\">siehe hier<\/a>.<\/p>\n<p>Sie k\u00f6nnen verschiedene Wege durch unsere Ausstellung w\u00e4hlen:<\/p>\n<ul>\n<li>Wenn Sie mehr \u00fcber <strong>mittelalterliche Handschriften<\/strong> herausfinden wollen, wie man mit ihnen umgeht und was sie \u00fcber die <strong>Welt, in der sie entstanden sind<\/strong>, verraten, klicken Sie auf den Punkt <span style=\"color: #993300;\"><strong>F\u00fcnf R\u00e4ume<\/strong><\/span>.<\/li>\n<li>Wenn Sie Interesse an <strong>einzelnen Beispiel-Handschriften<\/strong> haben, klicken Sie auf<span style=\"color: #993300;\"><strong> Fallstudien<\/strong><\/span>.<\/li>\n<\/ul>\n<p>Beide Wege sind eng miteinander verlinkt, so dass Sie Ihren eigenen Weg zusammenstellen k\u00f6nnen, je nachdem, was Sie gerade am meisten interessiert.<\/p>\n<p>Daneben sind vielleicht noch folgende Punkte hilfreich:<\/p>\n<ul>\n<li>Unter<strong><span style=\"color: #993300;\"> Audio<\/span><\/strong> entdecken Sie, wie manche der Texte aus unseren Handschriften im Mittelalter geklungen haben k\u00f6nnten.<\/li>\n<li>Das<span style=\"color: #993300;\"><strong> Glossar<\/strong><\/span> enth\u00e4lt eine Liste der Fachtermini, die wir verwenden, samt kurzer Erl\u00e4uterung.<\/li>\n<li>Unter<span style=\"color: #993300;\"><strong> Weiterlesen<\/strong> <\/span>gibt es Literaturangaben f\u00fcr alle, die Interesse an vertiefender Lekt\u00fcre haben.<\/li>\n<li>Im<span style=\"color: #993300;\"><strong> Suchfeld <\/strong><\/span>k\u00f6nnen Sie gezielt nach Informationen suchen.<\/li>\n<\/ul>\n<p><strong>Was ist das (?)<\/strong><\/p>\n<p>An verschiedenen Punkten der Ausstellung wird Ihnen ein Fragenzeichen in Klammern nach einem ungew\u00f6hnlichen oder technischen Wort begegnen: (<a title=\"Glossary\" href=\"http:\/\/de.everycodextellsastory.eu\/?page_id=1147\">?<\/a>). Wenn Sie darauf klicken, kommen Sie ins Glossar und direkt zur Erkl\u00e4rung des betreffenden Wortes.<\/p>\n<p><strong><span style=\"color: #993300;\">Und nun viel Spa\u00df beim Erkunden der mittelalterlichen Welt der Handschriften!<\/span><\/strong><\/p>\n<p><span style=\"font-size: x-small;\">(Abbildung mit freundlicher Genehmigung der Staatsbibliothek zu Berlin \u2013 Preu\u00dfischer Kulturbesitz.)<\/span><\/p>\n","protected":false},"excerpt":{"rendered":"<p>Willkommen in dieser virtuellen Ausstellung! Wir laden Sie ein, die Welt mittelalterlicher Handschriften zu erforschen und dabei herauszufinden, was B\u00fccher, die viele hundert Jahre alt sind, uns heute erz\u00e4hlen k\u00f6nnen. Die Ausstellung wurde von Mitgliedern des Forschungsprojekts The Dynamics of &hellip; <a href=\"https:\/\/de.everycodextellsastory.eu\/\">Weiterlesen <span class=\"meta-nav\">&rarr;<\/span><\/a><\/p>\n","protected":false},"author":1,"featured_media":0,"parent":0,"menu_order":0,"comment_status":"open","ping_status":"open","template":"landing-page.php","meta":{"footnotes":""},"_links":{"self":[{"href":"https:\/\/de.everycodextellsastory.eu\/index.php?rest_route=\/wp\/v2\/pages\/2"}],"collection":[{"href":"https:\/\/de.everycodextellsastory.eu\/index.php?rest_route=\/wp\/v2\/pages"}],"about":[{"href":"https:\/\/de.everycodextellsastory.eu\/index.php?rest_route=\/wp\/v2\/types\/page"}],"author":[{"embeddable":true,"href":"https:\/\/de.everycodextellsastory.eu\/index.php?rest_route=\/wp\/v2\/users\/1"}],"replies":[{"embeddable":true,"href":"https:\/\/de.everycodextellsastory.eu\/index.php?rest_route=%2Fwp%2Fv2%2Fcomments&post=2"}],"version-history":[{"count":67,"href":"https:\/\/de.everycodextellsastory.eu\/index.php?rest_route=\/wp\/v2\/pages\/2\/revisions"}],"predecessor-version":[{"id":22,"href":"https:\/\/de.everycodextellsastory.eu\/index.php?rest_route=\/wp\/v2\/pages\/2\/revisions\/22"}],"wp:attachment":[{"href":"https:\/\/de.everycodextellsastory.eu\/index.php?rest_route=%2Fwp%2Fv2%2Fmedia&parent=2"}],"curies":[{"name":"wp","href":"https:\/\/api.w.org\/{rel}","templated":true}]}}