{"id":1264,"date":"2013-01-08T10:40:43","date_gmt":"2013-01-08T10:40:43","guid":{"rendered":"http:\/\/labs.stefanschleifer.com\/codex\/?page_id=1264"},"modified":"2013-07-22T10:02:23","modified_gmt":"2013-07-22T10:02:23","slug":"audio","status":"publish","type":"page","link":"https:\/\/de.everycodextellsastory.eu\/?page_id=1264","title":{"rendered":"Audio"},"content":{"rendered":"<p>Nat\u00fcrlich k\u00f6nnen wir die Aussprache mittelalterlicher Sprachen nicht genau rekonstruieren. Dennoch wissen wir mittlerweile eine Menge dar\u00fcber, nach welchen Regelm\u00e4\u00dfigkeiten sich Sprachen wandeln, so dass wir eine gewisse Vorstellung davon haben, wie die Texte geklungen haben m\u00f6gen. Hier sind Beispiele daf\u00fcr:<\/p>\n<p><a title=\"Love and Luck\" href=\"http:\/\/de.everycodextellsastory.eu\/?p=2613\">Mittelhochdeutsch<\/a><\/p>\n<p><a title=\"Very Punny, Mister Rutebuef\" href=\"http:\/\/de.everycodextellsastory.eu\/?p=1389\">Mittelfranz\u00f6sisch<\/a><\/p>\n<p><a title=\"Another riddle\" href=\"http:\/\/de.everycodextellsastory.eu\/?p=799\">Mittelniederl\u00e4ndisch<\/a><\/p>\n<p><a title=\"The People Of \u2018Oridrace\u2019\" href=\"http:\/\/de.everycodextellsastory.eu\/?p=1543\">Mittelenglisch<\/a><\/p>\n","protected":false},"excerpt":{"rendered":"<p>Nat\u00fcrlich k\u00f6nnen wir die Aussprache mittelalterlicher Sprachen nicht genau rekonstruieren. Dennoch wissen wir mittlerweile eine Menge dar\u00fcber, nach welchen Regelm\u00e4\u00dfigkeiten sich Sprachen wandeln, so dass wir eine gewisse Vorstellung davon haben, wie die Texte geklungen haben m\u00f6gen. Hier sind Beispiele &hellip; <a href=\"https:\/\/de.everycodextellsastory.eu\/?page_id=1264\">Weiterlesen <span class=\"meta-nav\">&rarr;<\/span><\/a><\/p>\n","protected":false},"author":3,"featured_media":0,"parent":0,"menu_order":0,"comment_status":"open","ping_status":"closed","template":"","meta":{"footnotes":""},"_links":{"self":[{"href":"https:\/\/de.everycodextellsastory.eu\/index.php?rest_route=\/wp\/v2\/pages\/1264"}],"collection":[{"href":"https:\/\/de.everycodextellsastory.eu\/index.php?rest_route=\/wp\/v2\/pages"}],"about":[{"href":"https:\/\/de.everycodextellsastory.eu\/index.php?rest_route=\/wp\/v2\/types\/page"}],"author":[{"embeddable":true,"href":"https:\/\/de.everycodextellsastory.eu\/index.php?rest_route=\/wp\/v2\/users\/3"}],"replies":[{"embeddable":true,"href":"https:\/\/de.everycodextellsastory.eu\/index.php?rest_route=%2Fwp%2Fv2%2Fcomments&post=1264"}],"version-history":[{"count":11,"href":"https:\/\/de.everycodextellsastory.eu\/index.php?rest_route=\/wp\/v2\/pages\/1264\/revisions"}],"predecessor-version":[{"id":2583,"href":"https:\/\/de.everycodextellsastory.eu\/index.php?rest_route=\/wp\/v2\/pages\/1264\/revisions\/2583"}],"wp:attachment":[{"href":"https:\/\/de.everycodextellsastory.eu\/index.php?rest_route=%2Fwp%2Fv2%2Fmedia&parent=1264"}],"curies":[{"name":"wp","href":"https:\/\/api.w.org\/{rel}","templated":true}]}}