{"id":1150,"date":"2012-10-16T13:40:31","date_gmt":"2012-10-16T13:40:31","guid":{"rendered":"http:\/\/labs.stefanschleifer.com\/codex\/?page_id=1150"},"modified":"2013-07-22T10:13:10","modified_gmt":"2013-07-22T10:13:10","slug":"bibliography","status":"publish","type":"page","link":"https:\/\/de.everycodextellsastory.eu\/?page_id=1150","title":{"rendered":"Weiterlesen"},"content":{"rendered":"<p>Weiterf\u00fchrende Literatur zu unseren Fallstudien:<\/p>\n<ul>\n<li>Niederl\u00e4ndisch: <a title=\"Further reading\" href=\"http:\/\/de.everycodextellsastory.eu\/?p=304\">Die Geraardsbergen-Handschrift:\u00a0Br\u00fcssel, K\u00f6nigliche Bibliothek, 837-45<\/a><\/li>\n<li>Englisch: <a title=\"Bodley 264: Further Reading\" href=\"http:\/\/de.everycodextellsastory.eu\/?p=2407\">MS Oxford Bodley 264: Kulturbegegnung in einem Buch<\/a><\/li>\n<li>Franz\u00f6sisch: <a title=\"Further Reading\" href=\"http:\/\/de.everycodextellsastory.eu\/?p=252\">BnF fr. 837: Eine au\u00dfergew\u00f6hnliche Textsammlung<\/a><\/li>\n<li>Deutsch: <a title=\"Further Reading on Minnereden Manuscripts and Ms.germ.qu.719\" href=\"http:\/\/de.everycodextellsastory.eu\/?p=2718\">Ein adeliges Hobby: Liebe <\/a><\/li>\n<\/ul>\n<p>Folgende B\u00fccher bieten weitere Hintergr\u00fcnde zu mittelalterlicher Buchkultur:<\/p>\n<ul>\n<li><em>Aderla\u00df und Seelentrost. Die \u00dcberlieferung deutscher Texte im Spiegel Berliner Handschriften und Inkunabeln<\/em>, eds. Peter J\u00f6rg Becker &amp; Eef Overgaauw. (Mainz am Rhein 2003)<\/li>\n<li>Raymond Clemens and Timothy Graham, <em>Introduction to Manuscript Studies. <\/em>(Cornell University Press: 2007)<\/li>\n<li>Christopher de Hamel, <em>Scribes and illuminators. <\/em>(University Toronto Press: 1992)<\/li>\n<li>Dini Hogenelst and Frits van Oostrom, <em>Handgeschreven wereld. Nederlandse literatuur en cultuur in de Middeleeuwen<\/em>. (Prometheus: 2002)<\/li>\n<li>Pieter Obbema, <em>De middeleeuwen in handen<\/em>. (Verloren: 1996)<\/li>\n<li>Richard and Mary Rouse, <em>Manuscripts and their makers. Commercial Book Producers in Medieval Paris 1200-1500<\/em>. (Harvey Miller Publishers: 2000)<\/li>\n<li>Karin Schneider, <em>Pal\u00e4ographie und Handschriftenkunde f\u00fcr Germanisten. Eine Einf\u00fchrung.<\/em> (T\u00fcbingen:\u00a0Niemeyer 1999) (Sammlung kurzer Grammatiken germanischer Dialekte. B: Erg\u00e4nzungsreihe 8)<\/li>\n<li>L.D. Reynolds and N.G. Wilson,\u00a0<em>Scribes and Scholars: A Guide to the Transmission of Greek and Latin Literature\u00a0<\/em>(Oxford: Clarendon Press, 1993) is, despite its title, very relevant to the medieval manuscript culture, and very readable.<\/li>\n<\/ul>\n<p>Auf der Website der British Library gibt es ein ausf\u00fchrlicheres Glossar zu Fachbegriffen der Handschriftenkunde in englischer Sprache (<a href=\"http:\/\/www.bl.uk\/catalogues\/illuminatedmanuscripts\/glossary.asp\">hier<\/a> klicken).<\/p>\n","protected":false},"excerpt":{"rendered":"<p>Weiterf\u00fchrende Literatur zu unseren Fallstudien: Niederl\u00e4ndisch: Die Geraardsbergen-Handschrift:\u00a0Br\u00fcssel, K\u00f6nigliche Bibliothek, 837-45 Englisch: MS Oxford Bodley 264: Kulturbegegnung in einem Buch Franz\u00f6sisch: BnF fr. 837: Eine au\u00dfergew\u00f6hnliche Textsammlung Deutsch: Ein adeliges Hobby: Liebe Folgende B\u00fccher bieten weitere Hintergr\u00fcnde zu mittelalterlicher Buchkultur: &hellip; <a href=\"https:\/\/de.everycodextellsastory.eu\/?page_id=1150\">Weiterlesen <span class=\"meta-nav\">&rarr;<\/span><\/a><\/p>\n","protected":false},"author":3,"featured_media":0,"parent":0,"menu_order":0,"comment_status":"open","ping_status":"closed","template":"","meta":{"footnotes":""},"_links":{"self":[{"href":"https:\/\/de.everycodextellsastory.eu\/index.php?rest_route=\/wp\/v2\/pages\/1150"}],"collection":[{"href":"https:\/\/de.everycodextellsastory.eu\/index.php?rest_route=\/wp\/v2\/pages"}],"about":[{"href":"https:\/\/de.everycodextellsastory.eu\/index.php?rest_route=\/wp\/v2\/types\/page"}],"author":[{"embeddable":true,"href":"https:\/\/de.everycodextellsastory.eu\/index.php?rest_route=\/wp\/v2\/users\/3"}],"replies":[{"embeddable":true,"href":"https:\/\/de.everycodextellsastory.eu\/index.php?rest_route=%2Fwp%2Fv2%2Fcomments&post=1150"}],"version-history":[{"count":14,"href":"https:\/\/de.everycodextellsastory.eu\/index.php?rest_route=\/wp\/v2\/pages\/1150\/revisions"}],"predecessor-version":[{"id":2732,"href":"https:\/\/de.everycodextellsastory.eu\/index.php?rest_route=\/wp\/v2\/pages\/1150\/revisions\/2732"}],"wp:attachment":[{"href":"https:\/\/de.everycodextellsastory.eu\/index.php?rest_route=%2Fwp%2Fv2%2Fmedia&parent=1150"}],"curies":[{"name":"wp","href":"https:\/\/api.w.org\/{rel}","templated":true}]}}