{"id":1138,"date":"2012-10-16T13:28:17","date_gmt":"2012-10-16T13:28:17","guid":{"rendered":"http:\/\/labs.stefanschleifer.com\/codex\/?page_id=1138"},"modified":"2013-07-22T09:50:56","modified_gmt":"2013-07-22T09:50:56","slug":"contributors","status":"publish","type":"page","link":"https:\/\/de.everycodextellsastory.eu\/?page_id=1138","title":{"rendered":"Beteiligte Wissenschaftler"},"content":{"rendered":"<p>Diese Virtuelle Ausstellung ist als Teil des HERA-finanzierten Projekts &#8216;The Dynamics of the Medieval Manuscript&#8217; entstanden und wurde von folgenden Personen erstellt:<\/p>\n<ul>\n<li>Dani\u00ebl Ermens (Universit\u00e4t Utrecht)<\/li>\n<li>Gareth Griffith (Universit\u00e4t Bristol)<\/li>\n<li>Matthias Meyer (Universit\u00e4t Wien),<\/li>\n<li>Hannah Morcos (King&#8217;s College London)<\/li>\n<li>Rachel Sweet (King&#8217;s College London)<\/li>\n<li>Nicola Zotz (Universit\u00e4t Wien)<\/li>\n<\/ul>\n<p>Wir danken f\u00fcr Beitr\u00e4ge und Unterst\u00fctzung durch Ad Putter (Bristol), Karen Pratt (London) und Bart Besamusca, Gerard Bouwmeester, Paul Wackers und Vera Westra (Utrecht).<\/p>\n<p>Der Universit\u00e4t Wien sind wir f\u00fcr die Bereitstellung des Serverplatzes zu Dank verpflichtet.<\/p>\n","protected":false},"excerpt":{"rendered":"<p>Diese Virtuelle Ausstellung ist als Teil des HERA-finanzierten Projekts &#8216;The Dynamics of the Medieval Manuscript&#8217; entstanden und wurde von folgenden Personen erstellt: Dani\u00ebl Ermens (Universit\u00e4t Utrecht) Gareth Griffith (Universit\u00e4t Bristol) Matthias Meyer (Universit\u00e4t Wien), Hannah Morcos (King&#8217;s College London) Rachel &hellip; <a href=\"https:\/\/de.everycodextellsastory.eu\/?page_id=1138\">Weiterlesen <span class=\"meta-nav\">&rarr;<\/span><\/a><\/p>\n","protected":false},"author":3,"featured_media":0,"parent":27,"menu_order":0,"comment_status":"open","ping_status":"closed","template":"","meta":{"footnotes":""},"_links":{"self":[{"href":"https:\/\/de.everycodextellsastory.eu\/index.php?rest_route=\/wp\/v2\/pages\/1138"}],"collection":[{"href":"https:\/\/de.everycodextellsastory.eu\/index.php?rest_route=\/wp\/v2\/pages"}],"about":[{"href":"https:\/\/de.everycodextellsastory.eu\/index.php?rest_route=\/wp\/v2\/types\/page"}],"author":[{"embeddable":true,"href":"https:\/\/de.everycodextellsastory.eu\/index.php?rest_route=\/wp\/v2\/users\/3"}],"replies":[{"embeddable":true,"href":"https:\/\/de.everycodextellsastory.eu\/index.php?rest_route=%2Fwp%2Fv2%2Fcomments&post=1138"}],"version-history":[{"count":10,"href":"https:\/\/de.everycodextellsastory.eu\/index.php?rest_route=\/wp\/v2\/pages\/1138\/revisions"}],"predecessor-version":[{"id":2154,"href":"https:\/\/de.everycodextellsastory.eu\/index.php?rest_route=\/wp\/v2\/pages\/1138\/revisions\/2154"}],"up":[{"embeddable":true,"href":"https:\/\/de.everycodextellsastory.eu\/index.php?rest_route=\/wp\/v2\/pages\/27"}],"wp:attachment":[{"href":"https:\/\/de.everycodextellsastory.eu\/index.php?rest_route=%2Fwp%2Fv2%2Fmedia&parent=1138"}],"curies":[{"name":"wp","href":"https:\/\/api.w.org\/{rel}","templated":true}]}}